{"id":2308,"date":"2019-09-13T10:08:36","date_gmt":"2019-09-13T10:08:36","guid":{"rendered":"http:\/\/lilamedbeauty.de\/?page_id=2308"},"modified":"2021-06-07T07:27:24","modified_gmt":"2021-06-07T07:27:24","slug":"hizmetlerimiz","status":"publish","type":"page","link":"https:\/\/lilamedbeauty.de\/tr_tr\/hizmetlerimiz\/","title":{"rendered":"Hizmetlerimiz"},"content":{"rendered":"\t\t<div data-elementor-type=\"wp-page\" data-elementor-id=\"2308\" class=\"elementor elementor-2308\">\n\t\t\t\t\t\t<section class=\"elementor-section elementor-top-section elementor-element elementor-element-fee0a0c elementor-section-boxed elementor-section-height-default elementor-section-height-default\" data-id=\"fee0a0c\" data-element_type=\"section\" data-e-type=\"section\">\n\t\t\t\t\t\t<div class=\"elementor-container elementor-column-gap-no\">\n\t\t\t\t\t<div class=\"elementor-column elementor-col-100 elementor-top-column elementor-element elementor-element-98c5db5\" data-id=\"98c5db5\" data-element_type=\"column\" data-e-type=\"column\">\n\t\t\t<div class=\"elementor-widget-wrap elementor-element-populated\">\n\t\t\t\t\t\t<section class=\"elementor-section elementor-inner-section elementor-element elementor-element-0b1f22d elementor-section-boxed elementor-section-height-default elementor-section-height-default\" data-id=\"0b1f22d\" data-element_type=\"section\" data-e-type=\"section\">\n\t\t\t\t\t\t<div class=\"elementor-container elementor-column-gap-default\">\n\t\t\t\t\t<div class=\"elementor-column elementor-col-100 elementor-inner-column elementor-element elementor-element-484d6b7\" data-id=\"484d6b7\" data-element_type=\"column\" data-e-type=\"column\">\n\t\t\t<div class=\"elementor-widget-wrap elementor-element-populated\">\n\t\t\t\t\t\t<div class=\"elementor-element elementor-element-23559f9 medizco_service_box_3 ekit-equal-height-disable elementor-widget elementor-widget-elementskit-image-box\" data-id=\"23559f9\" data-element_type=\"widget\" data-e-type=\"widget\" data-widget_type=\"elementskit-image-box.default\">\n\t\t\t\t<div class=\"elementor-widget-container\">\n\t\t\t\t\t<div class=\"ekit-wid-con\" >\n            <div class=\"elementskit-info-image-box ekit-image-box text-center simple-card\" >\n\n                <a href=\"https:\/\/web.whatsapp.com\/send?phone=4917659705858&#038;text=Hallo,%20ich%20kontaktiere%20Sie%20%C3%BCber%20Ihre%20Website.%20|%20lilamedbeauty.de\">\n                <div class=\"elementskit-box-header image-box-img-center\">\n\n                    <img fetchpriority=\"high\" decoding=\"async\" width=\"768\" height=\"432\" src=\"https:\/\/i0.wp.com\/lilamedbeauty.de\/wp-content\/uploads\/2021\/05\/epilasyon_16_9_1581915518.jpg?fit=768%2C432&amp;ssl=1\" class=\"attachment-medium_large size-medium_large wp-image-5007\" alt=\"\" srcset=\"https:\/\/i0.wp.com\/lilamedbeauty.de\/wp-content\/uploads\/2021\/05\/epilasyon_16_9_1581915518.jpg?w=1000&amp;ssl=1 1000w, https:\/\/i0.wp.com\/lilamedbeauty.de\/wp-content\/uploads\/2021\/05\/epilasyon_16_9_1581915518.jpg?resize=300%2C169&amp;ssl=1 300w, https:\/\/i0.wp.com\/lilamedbeauty.de\/wp-content\/uploads\/2021\/05\/epilasyon_16_9_1581915518.jpg?resize=768%2C432&amp;ssl=1 768w, https:\/\/i0.wp.com\/lilamedbeauty.de\/wp-content\/uploads\/2021\/05\/epilasyon_16_9_1581915518.jpg?resize=16%2C9&amp;ssl=1 16w, https:\/\/i0.wp.com\/lilamedbeauty.de\/wp-content\/uploads\/2021\/05\/epilasyon_16_9_1581915518.jpg?resize=600%2C337&amp;ssl=1 600w\" sizes=\"(max-width: 768px) 100vw, 768px\" \/>\n                <\/div>\n                <\/a>\n                <div class=\"elementskit-box-body ekit-image-box-body\">\n                    <div class=\"elementskit-box-content ekit-image-box-body-inner\">\n                                                <h3 class=\"elementskit-info-box-title\">\n\n                        Epilasyon\n                        \n                    <\/h3>\n                                                            <div class=\"elementskit-box-style-content\">\n                        Profesyonel ekibimiz ile birlikte,son teknoloji cihazlar\u0131m\u0131z\u0131 kullanarak hizmet veriyoruz.                    <\/div>\n                                    <\/div>\n\n                                <div class=\"elementskit-box-footer\">\n                    <div class=\"box-footer\">\n                        <div class=\"btn-wraper\">\n                                                            <a href=\"https:\/\/web.whatsapp.com\/send?phone=4917659705858&#038;text=Hallo,%20ich%20kontaktiere%20Sie%20%C3%BCber%20Ihre%20Website.%20|%20lilamedbeauty.de\" class=\"elementskit-btn whitespace--normal\">\n                                    \n                                    \n                                    Rezarvasyon &gt;                                <\/a>\n                                                        <\/div>\n                    <\/div>\n                <\/div>\n                            <\/div>\n            <\/div>\n    <\/div>\t\t\t\t<\/div>\n\t\t\t\t<\/div>\n\t\t\t\t\t<\/div>\n\t\t<\/div>\n\t\t\t\t\t<\/div>\n\t\t<\/section>\n\t\t\t\t\t<\/div>\n\t\t<\/div>\n\t\t\t\t\t<\/div>\n\t\t<\/section>\n\t\t\t\t<section class=\"elementor-section elementor-top-section elementor-element elementor-element-9dfdbb4 elementor-section-boxed elementor-section-height-default elementor-section-height-default\" data-id=\"9dfdbb4\" data-element_type=\"section\" data-e-type=\"section\">\n\t\t\t\t\t\t<div class=\"elementor-container elementor-column-gap-default\">\n\t\t\t\t\t<div class=\"elementor-column elementor-col-50 elementor-top-column elementor-element elementor-element-590f898\" data-id=\"590f898\" data-element_type=\"column\" data-e-type=\"column\">\n\t\t\t<div class=\"elementor-widget-wrap elementor-element-populated\">\n\t\t\t\t\t\t<div class=\"elementor-element elementor-element-68a7f65 elementor-widget elementor-widget-image\" data-id=\"68a7f65\" data-element_type=\"widget\" data-e-type=\"widget\" data-widget_type=\"image.default\">\n\t\t\t\t<div class=\"elementor-widget-container\">\n\t\t\t\t\t\t\t\t\t\t\t\t\t\t\t<img decoding=\"async\" width=\"800\" height=\"148\" src=\"https:\/\/i0.wp.com\/lilamedbeauty.de\/wp-content\/uploads\/2019\/08\/lil-logo-e1623164931861.png?fit=800%2C148&amp;ssl=1\" class=\"attachment-large size-large wp-image-4969\" alt=\"\" srcset=\"https:\/\/i0.wp.com\/lilamedbeauty.de\/wp-content\/uploads\/2019\/08\/lil-logo-e1623164931861.png?w=2048&amp;ssl=1 2048w, https:\/\/i0.wp.com\/lilamedbeauty.de\/wp-content\/uploads\/2019\/08\/lil-logo-e1623164931861.png?resize=300%2C55&amp;ssl=1 300w, https:\/\/i0.wp.com\/lilamedbeauty.de\/wp-content\/uploads\/2019\/08\/lil-logo-e1623164931861.png?resize=1024%2C189&amp;ssl=1 1024w, https:\/\/i0.wp.com\/lilamedbeauty.de\/wp-content\/uploads\/2019\/08\/lil-logo-e1623164931861.png?resize=768%2C142&amp;ssl=1 768w, https:\/\/i0.wp.com\/lilamedbeauty.de\/wp-content\/uploads\/2019\/08\/lil-logo-e1623164931861.png?resize=1536%2C284&amp;ssl=1 1536w, https:\/\/i0.wp.com\/lilamedbeauty.de\/wp-content\/uploads\/2019\/08\/lil-logo-e1623164931861.png?resize=16%2C3&amp;ssl=1 16w, https:\/\/i0.wp.com\/lilamedbeauty.de\/wp-content\/uploads\/2019\/08\/lil-logo-e1623164931861.png?w=1600&amp;ssl=1 1600w\" sizes=\"(max-width: 800px) 100vw, 800px\" \/>\t\t\t\t\t\t\t\t\t\t\t\t\t\t\t<\/div>\n\t\t\t\t<\/div>\n\t\t\t\t\t<\/div>\n\t\t<\/div>\n\t\t\t\t<div class=\"elementor-column elementor-col-50 elementor-top-column elementor-element elementor-element-8e366e9\" data-id=\"8e366e9\" data-element_type=\"column\" data-e-type=\"column\">\n\t\t\t<div class=\"elementor-widget-wrap elementor-element-populated\">\n\t\t\t\t\t\t<div class=\"elementor-element elementor-element-e3b1f3a elementor-widget elementor-widget-text-editor\" data-id=\"e3b1f3a\" data-element_type=\"widget\" data-e-type=\"widget\" data-widget_type=\"text-editor.default\">\n\t\t\t\t<div class=\"elementor-widget-container\">\n\t\t\t\t\t\t\t\t\t<pre class=\"wp-block-preformatted\"><script>var ea_settings = {\"trans.service\":\"Bedienung\",\"trans.location\":\"Ort\",\"trans.worker\":\"Arbeiter\",\"trans.service_option\":\"Select Service\",\"trans.location_option\":\"Select Location\",\"trans.worker_option\":\"Select Worker\",\"trans.customer_search_label\":\"Search Customer\",\"trans.done_message\":\"Vielen Dank f\\u00fcr Ihre Reservierungsanfrage.\",\"trans.submit_button_text\":\"Submit\",\"time_format\":\"HH:mm\",\"trans.currency\":\"\\u20ac\",\"price.hide\":\"0\",\"price.hide.service\":\"0\",\"hide.decimal_in_price\":\"0\",\"datepicker\":\"de\",\"form.label.above\":\"1\",\"show.iagree\":\"0\",\"show.display_thankyou_note\":\"0\",\"show.customer_search_front\":\"0\",\"customer_search_password_only\":\"0\",\"delete_data_on_uninstall\":\"0\",\"customer_search_roles\":\"[]\",\"cancel.scroll\":\"calendar\",\"compatibility.mode\":\"0\",\"css.off\":\"0\",\"submit.redirect\":\"\",\"advance.redirect\":\"[]\",\"advance_cancel.redirect\":\"[]\",\"block.time\":\"0\",\"cancel_time\":\"0\",\"max.appointments\":\"5\",\"pre.reservation\":\"0\",\"currency.before\":\"0\",\"gdpr.on\":\"0\",\"gdpr.label\":\"By using this form you agree with the storage and handling of your data by this website.\",\"gdpr.link\":\"\",\"gdpr.message\":\"You need to accept the privacy checkbox\",\"sort.workers-by\":null,\"sort.services-by\":null,\"sort.locations-by\":null,\"order.workers-by\":null,\"order.services-by\":null,\"order.locations-by\":null,\"captcha.site-key\":\"\",\"captcha3.site-key\":\"\",\"label.from_to\":\"1\",\"is_multiple_booking_allowed\":\"0\",\"pending_message\":\"Your appointment has been submitted and is currently pending approval. You will be notified once it is confirmed.\",\"confirmed_message\":\"Your appointment has been confirmed. Thank you!\",\"reservation_message\":\"Your appointment has been reserved. You will be notified once it is confirmed.\",\"trans.confirmation-title\":\"Thank You for Booking!\",\"check\":\"4660691e7d\",\"scroll_off\":false,\"start_of_week\":\"1\",\"default_date\":\"2026-04-25\",\"min_date\":null,\"max_date\":null,\"show_remaining_slots\":\"0\",\"save_form_content\":true,\"show_week\":\"0\",\"trans.please-select-new-date\":\"Please select another day\",\"trans.date-time\":\"Date & time\",\"trans.price\":\"Price\",\"date_format\":\"DD\\\/MM\\\/YYYY\",\"default_datetime_format\":\"YYYY-MM-DD HH:mm\",\"trans.nonce-expired\":\"Form validation code expired. Please refresh page in order to continue.\",\"trans.internal-error\":\"Internal error. Please try again later.\",\"trans.ajax-call-not-available\":\"Unable to make ajax request. Please try again later.\",\"default.status\":\"pending\",\"default_status_message\":\"Your appointment has been submitted and is currently pending approval. You will be notified once it is confirmed.\",\"is_user_logged_in\":0,\"allow_customer_search\":0};<\/script><script>var ea_vacations = [];<\/script><script>var ea_service_start_data = [];<\/script><style><\/style><style>\n    body .wp-block-post-content a:not(.wp-element-button) {\n        color: #000000;\n        text-decoration: none !important;\n    }\n    .ea-standard .selected-time {\n        background-color: green !important;\n        color: white !important;\n    }\n\n<\/style>\n<script type=\"text\/template\" id=\"ea-appointments-overview\">\n    <small id=\"ea-overview-message\"><%- settings['trans.overview-message'] %><\/small>\n    <table>\n        <tbody>\n        <% if(settings['rtl'] == '1') { %>\n            <% if(data.location.indexOf('_') !== 0) { %>\n            <tr class=\"row-location\">\n                <td class=\"ea-label\"><%- settings['trans.location'] %><\/td>\n                <td class=\"value\"><%- data.location %><\/td>\n            <\/tr>\n            <% } %>\n            <% if(data.service.indexOf('_') !== 0) { %>\n            <tr class=\"row-service\">\n                <td class=\"ea-label\"><%- settings['trans.service'] %><\/td>\n                <td class=\"value\"><%- data.service %><\/td>\n            <\/tr>\n            <% } %>\n            <% if(data.worker.indexOf('_') !== 0) { %>\n            <tr class=\"row-worker\">\n                <td class=\"ea-label\"><%- settings['trans.worker'] %><\/td>\n                <td class=\"value\"><%- data.worker %><\/td>\n            <\/tr>\n            <% } %>\n            <% if (settings['price.hide'] !== '1') { %>\n            <tr class=\"row-price\">\n                <td class=\"ea-label\"><%- settings['trans.price'] %><\/td>\n                <td class=\"value\"><%- settings['hide.decimal_in_price'] == '1' \n                ? Math.round(parseFloat(data.price))\n                : 55 \n            %> <%- settings['trans.currency'] %><\/td>\n            <\/tr>\n            <% } %>\n            <tr class=\"row-datetime\">\n                <td class=\"ea-label\"><%- settings['trans.date-time'] %><\/td>\n                <td class=\"value\"><%- data.date %> <%- data.time %><\/td>\n            <\/tr>\n        <% } else { %>\n            <% if(data.location.indexOf('_') !== 0) { %>\n            <tr class=\"row-location\">\n                <td class=\"ea-label\"><%- settings['trans.location'] %><\/td>\n                <td class=\"value\"><%- data.location %><\/td>\n            <\/tr>\n            <% } %>\n            <% if(data.service.indexOf('_') !== 0) { %>\n            <tr class=\"row-service\">\n                <td class=\"ea-label\"><%- settings['trans.service'] %><\/td>\n                <td class=\"value\"><%- data.service %><\/td>\n            <\/tr>\n            <% } %>\n            <% if(data.worker.indexOf('_') !== 0) { %>\n            <tr class=\"row-worker\">\n                <td class=\"ea-label\"><%- settings['trans.worker'] %><\/td>\n                <td class=\"value\"><%- data.worker %><\/td>\n            <\/tr>\n            <% } %>\n            <% if (settings['price.hide'] !== '1') { %>\n            <tr class=\"row-price\">\n                <td class=\"ea-label\"><%- settings['trans.price'] %><\/td>\n                <% if (settings['currency.before'] == '1') { %>\n                <td class=\"value\"><%- settings['trans.currency'] %><%- settings['hide.decimal_in_price'] == '1' \n                ? Math.round(parseFloat(data.price))\n                : data.price \n            %><\/td>\n                <% } else { %>\n                <td class=\"value\"><%- settings['hide.decimal_in_price'] == '1' \n                ? Math.round(parseFloat(data.price))\n                : data.price \n            %><%- settings['trans.currency'] %><\/td>\n                <% } %>\n            <\/tr>\n            <% } %>\n            <tr class=\"row-datetime\">\n                <td class=\"ea-label\"><%- settings['trans.date-time'] %><\/td>\n                <td class=\"value\"><%- data.date_time %><\/td>\n            <\/tr>\n        <% } %>\n        <\/tbody>\n    <\/table>\n    <div id=\"ea-total-amount\" style=\"display: none;\" data-total=\"<%- data.price %>\"><\/div>\n    <div id=\"ea-meta-data\" \n             data-location=\"<%- data.location %>\" \n             data-service=\"<%- data.service %>\" \n             data-worker=\"<%- data.worker %>\" \n             data-date-time=\"<%- data.date_time %>\" \n             data-currency=\"<%- settings['trans.currency'] %>\"><\/div>\n    \n    <div id=\"ea-success-box\" style=\"display:none; min-width:400px; min-height:340px; margin: 20px auto; padding: 20px; border-radius: 10px; text-align: center; font-family: Arial, sans-serif; box-shadow: 0 0 10px rgba(0, 0, 0, 0.05);\" class=\"ea-confirmation-card\">\n        <h3 style=\"color: #2b6924; margin-top: 0;\" class=\"ea-confirmation-title\">\n            <%- settings['trans.confirmation-title'] || \"Thank You for Booking!\" %>\n        <\/h3>\n        <div style=\"margin: 10px 0 20px;\">\n            <p style=\"font-size: 14px; color: #555; margin-top: 8px; word-wrap: break-word; white-space: normal; max-width: 100%;\" class=\"ea-status-note\">\n            <\/p>\n        <\/div>\n\n        <div id=\"ea-overview-details\" style=\"width: 100%; font-size: 14px; color: #000; text-align: left; margin: 0 auto 20px;\">\n        <\/div>\n\n        <div id=\"ea-overview-buttons\" style=\"justify-content: center; gap: 10px; margin-top: 15px; flex-wrap: wrap;\">\n            <a \n                href=\"#\" \n                onclick=\"window.location.reload();\" \n                style=\"padding: 5px 10px; background-color: #333cb7; color: white; text-decoration: none; border-radius: 5px; margin-right: 5px;\" \n                class=\"ea-button-book-again\">\n                <%- settings['trans.book-again'] || \"Book New Appointment\" %>                \n            <\/a>\n            <a \n                id=\"ea-add-to-calendar\" \n                href=\"#\" \n                target=\"_blank\" \n                style=\"background-color: #34A853; color: #fff; padding: 5px 10px; border-radius: 6px; text-decoration: none;\">                \n                Add to Google Calendar            <\/a>\n        <\/div>\n    <\/div>\n<\/script>\n        <script type=\"text\/javascript\">\n            var ea_ajaxurl = \"https:\/\/lilamedbeauty.de\/wp-admin\/admin-ajax.php\";\n        <\/script>\n        <div class=\"ea-standard\">\n            <form>\n                <div class=\"step\">\n                    <div class=\"block\"><\/div>\n                    <label class=\"ea-label\">Ort<\/label><select\n                        name=\"location\" data-c=\"location\"\n                        class=\"filter\"><option value=\"1\" selected=\"selected\">Lilamed Beauty<\/option><\/select>\n                <\/div>\n                <div class=\"step\">\n                    <div class=\"block\"><\/div>\n                    <label class=\"ea-label\">Bedienung<\/label><select\n                        name=\"service\" data-c=\"service\" class=\"filter\"\n                        data-currency=\"\u20ac\"><option value=\"\" selected=\"selected\">Select Service<\/option><option value=\"4\" \n                        data-duration=\"30\" \n                        data-slot_step=\"30\" \n                        data-description=\"\"\n                         data-price='0.00'>Kostenlose Beratungsgespr\u00e4che 0.00\u20ac<\/option><option value=\"3\" \n                        data-duration=\"30\" \n                        data-slot_step=\"30\" \n                        data-description=\"\"\n                         data-price='69.00'>Arme 69.00\u20ac<\/option><option value=\"2\" \n                        data-duration=\"30\" \n                        data-slot_step=\"30\" \n                        data-description=\"\"\n                         data-price='69.00'>Beine 69.00\u20ac<\/option><option value=\"1\" \n                        data-duration=\"90\" \n                        data-slot_step=\"30\" \n                        data-description=\"\"\n                         data-price='399.00'>Ganz K\u00f6rper 399.00\u20ac<\/option><\/select>\n                <\/div>\n                <div class=\"step\">\n                    <div class=\"block\"><\/div>\n                    <label class=\"ea-label\">Arbeiter<\/label><select\n                        name=\"worker\" data-c=\"worker\" class=\"filter\"><option value=\"\" selected=\"selected\">Select Worker<\/option><option value=\"2\">Selami G\u00fcner<\/option><option value=\"1\">\u015eule G\u00dcNER<\/option><\/select>\n                <\/div>\n                <div class=\"step calendar\" class=\"filter\">\n                    <div class=\"block\"><\/div>\n                    <div class=\"date\"><\/div>\n                <\/div>\n                <div class=\"step\" class=\"filter\">\n                    <div class=\"block\"><\/div>\n                    <div class=\"time\"><\/div>\n                <\/div>\n                <div class=\"step final\">\n                <div class=\"ea_hide_show\">\n                    <div class=\"block\"><\/div>\n                    <p class=\"section\">Pers\u00f6nliche Informationen<\/p>\n                    <small>Felder mit * sind pflicht<\/small>\n                    <br>\n                    <p><label>Name * : <\/label><input class=\"custom-field\" type=\"text\" name=\"name\" data-rule-required=\"true\" data-msg-required=\"This field is required.\"  \/><\/p><p><label>Phone * : <\/label><input class=\"custom-field\" type=\"text\" name=\"phone\" data-rule-required=\"true\" data-msg-required=\"This field is required.\"  \/><\/p><p><label>EMail * : <\/label><input class=\"custom-field\" type=\"text\" name=\"email\" data-rule-required=\"true\" data-msg-required=\"This field is required.\" data-msg-email=\"Please enter a valid email address\" data-rule-email=\"true\" \/><\/p><p><label>Beschreibung : <\/label><textarea class=\"form-control custom-field\" rows=\"3\" style=\"height: auto;\" name=\"description\" ><\/textarea><\/p>                    \n                    <br>\n                    <p class=\"section\">Buchungs\u00fcbersicht<\/p>\n                    <\/div>\n                    <div id=\"booking-overview\"><\/div>\n                    <div class=\"ea_hide_show\">\n                                                \n                        \n                        <div style=\"display: inline-flex;\">\n                            <button class=\"ea-btn ea-submit\"\n                                        style=\"\n                                            display:inline-flex;\n                                            align-items:center;\n                                            justify-content:center;\n                                        \">Submit<\/button>                            <button class=\"ea-btn ea-cancel\">Cancel<\/button>\n                        <\/div>\n                    <\/div>\n                <\/div>\n            <\/form>\n            <div id=\"ea-loader\"><\/div>\n        <\/div>\n        <\/pre>\t\t\t\t\t\t\t\t<\/div>\n\t\t\t\t<\/div>\n\t\t\t\t\t<\/div>\n\t\t<\/div>\n\t\t\t\t\t<\/div>\n\t\t<\/section>\n\t\t\t\t<\/div>\n\t\t","protected":false},"excerpt":{"rendered":"<p>Epilasyon Profesyonel ekibimiz ile birlikte,son teknoloji cihazlar\u0131m\u0131z\u0131 kullanarak hizmet veriyoruz. Rezarvasyon &gt;<\/p>\n","protected":false},"author":1,"featured_media":0,"parent":0,"menu_order":0,"comment_status":"closed","ping_status":"closed","template":"template\/template-page.php","meta":{"footnotes":""},"class_list":["post-2308","page","type-page","status-publish","hentry"],"jetpack-related-posts":[],"jetpack_sharing_enabled":true,"_links":{"self":[{"href":"https:\/\/lilamedbeauty.de\/tr_tr\/wp-json\/wp\/v2\/pages\/2308"}],"collection":[{"href":"https:\/\/lilamedbeauty.de\/tr_tr\/wp-json\/wp\/v2\/pages"}],"about":[{"href":"https:\/\/lilamedbeauty.de\/tr_tr\/wp-json\/wp\/v2\/types\/page"}],"author":[{"embeddable":true,"href":"https:\/\/lilamedbeauty.de\/tr_tr\/wp-json\/wp\/v2\/users\/1"}],"replies":[{"embeddable":true,"href":"https:\/\/lilamedbeauty.de\/tr_tr\/wp-json\/wp\/v2\/comments?post=2308"}],"version-history":[{"count":16,"href":"https:\/\/lilamedbeauty.de\/tr_tr\/wp-json\/wp\/v2\/pages\/2308\/revisions"}],"predecessor-version":[{"id":5157,"href":"https:\/\/lilamedbeauty.de\/tr_tr\/wp-json\/wp\/v2\/pages\/2308\/revisions\/5157"}],"wp:attachment":[{"href":"https:\/\/lilamedbeauty.de\/tr_tr\/wp-json\/wp\/v2\/media?parent=2308"}],"curies":[{"name":"wp","href":"https:\/\/api.w.org\/{rel}","templated":true}]}}